{"id":247,"date":"2023-03-26T13:55:57","date_gmt":"2023-03-26T13:55:57","guid":{"rendered":"https:\/\/kancelariawykret.wizjanet.pl\/?page_id=247"},"modified":"2023-03-26T15:22:10","modified_gmt":"2023-03-26T15:22:10","slug":"o-mnie","status":"publish","type":"page","link":"https:\/\/www.kancelariawykret.wizjanet.pl\/index.php\/o-mnie\/","title":{"rendered":"o mnie"},"content":{"rendered":"\t\t<div data-elementor-type=\"wp-page\" data-elementor-id=\"247\" class=\"elementor elementor-247\">\n\t\t\t\t\t\t\t\t\t<section class=\"elementor-section elementor-top-section elementor-element elementor-element-f1020f5 elementor-section-full_width elementor-section-height-default elementor-section-height-default\" data-id=\"f1020f5\" data-element_type=\"section\">\n\t\t\t\t\t\t<div class=\"elementor-container elementor-column-gap-default\">\n\t\t\t\t\t<div class=\"elementor-column elementor-col-50 elementor-top-column elementor-element elementor-element-dff5c3e\" data-id=\"dff5c3e\" data-element_type=\"column\">\n\t\t\t<div class=\"elementor-widget-wrap elementor-element-populated\">\n\t\t\t\t\t\t\t\t<div class=\"elementor-element elementor-element-2771c96 elementor-widget elementor-widget-image\" data-id=\"2771c96\" data-element_type=\"widget\" data-widget_type=\"image.default\">\n\t\t\t\t<div class=\"elementor-widget-container\">\n\t\t\t<style>\/*! elementor - v3.12.2 - 23-04-2023 *\/\n.elementor-widget-image{text-align:center}.elementor-widget-image a{display:inline-block}.elementor-widget-image a img[src$=\".svg\"]{width:48px}.elementor-widget-image img{vertical-align:middle;display:inline-block}<\/style>\t\t\t\t\t\t\t\t\t\t\t\t<img loading=\"lazy\" decoding=\"async\" width=\"619\" height=\"683\" src=\"https:\/\/www.kancelariawykret.wizjanet.pl\/wp-content\/uploads\/2023\/03\/handshake.jpg\" class=\"attachment-large size-large wp-image-275\" alt=\"\" srcset=\"https:\/\/www.kancelariawykret.wizjanet.pl\/wp-content\/uploads\/2023\/03\/handshake.jpg 619w, https:\/\/www.kancelariawykret.wizjanet.pl\/wp-content\/uploads\/2023\/03\/handshake-272x300.jpg 272w\" sizes=\"auto, (max-width: 619px) 100vw, 619px\" \/>\t\t\t\t\t\t\t\t\t\t\t\t\t\t\t<\/div>\n\t\t\t\t<\/div>\n\t\t\t\t\t<\/div>\n\t\t<\/div>\n\t\t\t\t<div class=\"elementor-column elementor-col-50 elementor-top-column elementor-element elementor-element-5947723\" data-id=\"5947723\" data-element_type=\"column\">\n\t\t\t<div class=\"elementor-widget-wrap elementor-element-populated\">\n\t\t\t\t\t\t\t\t<div class=\"elementor-element elementor-element-36a44a1 elementor-widget elementor-widget-heading\" data-id=\"36a44a1\" data-element_type=\"widget\" data-widget_type=\"heading.default\">\n\t\t\t\t<div class=\"elementor-widget-container\">\n\t\t\t<style>\/*! elementor - v3.12.2 - 23-04-2023 *\/\n.elementor-heading-title{padding:0;margin:0;line-height:1}.elementor-widget-heading .elementor-heading-title[class*=elementor-size-]>a{color:inherit;font-size:inherit;line-height:inherit}.elementor-widget-heading .elementor-heading-title.elementor-size-small{font-size:15px}.elementor-widget-heading .elementor-heading-title.elementor-size-medium{font-size:19px}.elementor-widget-heading .elementor-heading-title.elementor-size-large{font-size:29px}.elementor-widget-heading .elementor-heading-title.elementor-size-xl{font-size:39px}.elementor-widget-heading .elementor-heading-title.elementor-size-xxl{font-size:59px}<\/style><h2 class=\"elementor-heading-title elementor-size-default\">O mnie<\/h2>\t\t<\/div>\n\t\t\t\t<\/div>\n\t\t\t\t<div class=\"elementor-element elementor-element-94796b9 elementor-widget elementor-widget-text-editor\" data-id=\"94796b9\" data-element_type=\"widget\" data-widget_type=\"text-editor.default\">\n\t\t\t\t<div class=\"elementor-widget-container\">\n\t\t\t<style>\/*! elementor - v3.12.2 - 23-04-2023 *\/\n.elementor-widget-text-editor.elementor-drop-cap-view-stacked .elementor-drop-cap{background-color:#69727d;color:#fff}.elementor-widget-text-editor.elementor-drop-cap-view-framed .elementor-drop-cap{color:#69727d;border:3px solid;background-color:transparent}.elementor-widget-text-editor:not(.elementor-drop-cap-view-default) .elementor-drop-cap{margin-top:8px}.elementor-widget-text-editor:not(.elementor-drop-cap-view-default) .elementor-drop-cap-letter{width:1em;height:1em}.elementor-widget-text-editor .elementor-drop-cap{float:left;text-align:center;line-height:1;font-size:50px}.elementor-widget-text-editor .elementor-drop-cap-letter{display:inline-block}<\/style>\t\t\t\t<p>Nazywam si\u0119 Agnieszka Wykr\u0119t, jestem adwokatem specjalizuj\u0105cym si\u0119 w wielu dziedzinach prawa. Moje us\u0142ugi \u015bwiadcz\u0119 w gabinecie zlokalizowanym w O\u015bwi\u0119cimiu, ale z przyjemno\u015bci\u0105 pomagam r\u00f3wnie\u017c klientom z Bielska-Bia\u0142ej, K\u0119t i innych okolicznych miejscowo\u015bci w wojew\u00f3dztwie ma\u0142opolskim i \u015bl\u0105skim.<\/p><p>Oferuj\u0119 kompleksow\u0105 obs\u0142ug\u0119 prawn\u0105 dla os\u00f3b indywidualnych oraz firm. Pomagam w sprawach karnych, cywilnych, rodzinnych, administracyjnych oraz gospodarczych. Zawsze stawiam na indywidualne podej\u015bcie do klienta, staraj\u0105c si\u0119 zrozumie\u0107 jego potrzeby i w pe\u0142ni zaspokoi\u0107 jego oczekiwania.<\/p><p>Gwarantuj\u0119 wysok\u0105 jako\u015b\u0107 us\u0142ug oraz terminowo\u015b\u0107 w dzia\u0142aniu. Dbam o to, aby ka\u017cda sprawa by\u0142a prowadzona rzetelnie i skutecznie, a moi klienci mieli pe\u0142n\u0105 kontrol\u0119 nad jej przebiegiem.<\/p><p>W mojej kancelarii istotne s\u0105 warto\u015bci, takie jak<b>\u00a0etyka zawodowa, dyskrecja, zaanga\u017cowanie oraz uczciwo\u015b\u0107.\u00a0<\/b>Dzi\u0119ki temu moi klienci mog\u0105 liczy\u0107 na pe\u0142ne zaanga\u017cowanie oraz profesjonaln\u0105 i skuteczn\u0105 pomoc.<\/p>\t\t\t\t\t\t<\/div>\n\t\t\t\t<\/div>\n\t\t\t\t\t<\/div>\n\t\t<\/div>\n\t\t\t\t\t\t\t<\/div>\n\t\t<\/section>\n\t\t\t\t<section class=\"elementor-section elementor-top-section elementor-element elementor-element-f1a7514 elementor-section-boxed elementor-section-height-default elementor-section-height-default\" data-id=\"f1a7514\" data-element_type=\"section\">\n\t\t\t\t\t\t<div class=\"elementor-container elementor-column-gap-default\">\n\t\t\t\t\t<div class=\"elementor-column elementor-col-100 elementor-top-column elementor-element elementor-element-35dfe4b\" data-id=\"35dfe4b\" data-element_type=\"column\">\n\t\t\t<div class=\"elementor-widget-wrap elementor-element-populated\">\n\t\t\t\t\t\t\t\t<div class=\"elementor-element elementor-element-0477b8a elementor-widget elementor-widget-text-editor\" data-id=\"0477b8a\" data-element_type=\"widget\" data-widget_type=\"text-editor.default\">\n\t\t\t\t<div class=\"elementor-widget-container\">\n\t\t\t\t\t\t\t<p>Serdecznie zapraszam do skorzystania z moich us\u0142ug. Jestem do Pa\u0144stwa dyspozycji i ch\u0119tnie pomog\u0119 w ka\u017cdej sprawie prawnej. Zach\u0119cam r\u00f3wnie\u017c do zapoznania si\u0119 z opiniami moich dotychczasowych klient\u00f3w, kt\u00f3re znajduj\u0105 si\u0119 na mojej stronie internetowej.<\/p><p>Jestem adwokatem dzia\u0142aj\u0105cym z pasj\u0105, pomagaj\u0105cym klientom od wielu lat, skutecznie i profesjonalnie!<\/p>\t\t\t\t\t\t<\/div>\n\t\t\t\t<\/div>\n\t\t\t\t\t<\/div>\n\t\t<\/div>\n\t\t\t\t\t\t\t<\/div>\n\t\t<\/section>\n\t\t\t\t\t\t\t<\/div>\n\t\t","protected":false},"excerpt":{"rendered":"<p>O mnie Nazywam si\u0119 Agnieszka Wykr\u0119t, jestem adwokatem specjalizuj\u0105cym si\u0119 w wielu dziedzinach prawa. Moje us\u0142ugi \u015bwiadcz\u0119 w gabinecie zlokalizowanym w O\u015bwi\u0119cimiu, ale z przyjemno\u015bci\u0105 pomagam r\u00f3wnie\u017c klientom z Bielska-Bia\u0142ej, K\u0119t i innych okolicznych miejscowo\u015bci w wojew\u00f3dztwie ma\u0142opolskim i \u015bl\u0105skim. Oferuj\u0119 kompleksow\u0105 obs\u0142ug\u0119 prawn\u0105 dla os\u00f3b indywidualnych oraz firm. Pomagam w sprawach karnych, cywilnych, rodzinnych, &hellip;<\/p>\n<p class=\"read-more\"> <a class=\"\" href=\"https:\/\/www.kancelariawykret.wizjanet.pl\/index.php\/o-mnie\/\"> <span class=\"screen-reader-text\">o mnie<\/span> Read More &raquo;<\/a><\/p>\n","protected":false},"author":1,"featured_media":0,"parent":0,"menu_order":0,"comment_status":"closed","ping_status":"closed","template":"","meta":{"site-sidebar-layout":"no-sidebar","site-content-layout":"page-builder","ast-global-header-display":"","ast-main-header-display":"","ast-hfb-above-header-display":"","ast-hfb-below-header-display":"","ast-hfb-mobile-header-display":"","site-post-title":"disabled","ast-breadcrumbs-content":"","ast-featured-img":"disabled","footer-sml-layout":"","theme-transparent-header-meta":"","adv-header-id-meta":"","stick-header-meta":"","header-above-stick-meta":"","header-main-stick-meta":"","header-below-stick-meta":"","footnotes":""},"class_list":["post-247","page","type-page","status-publish","hentry"],"_links":{"self":[{"href":"https:\/\/www.kancelariawykret.wizjanet.pl\/index.php\/wp-json\/wp\/v2\/pages\/247","targetHints":{"allow":["GET"]}}],"collection":[{"href":"https:\/\/www.kancelariawykret.wizjanet.pl\/index.php\/wp-json\/wp\/v2\/pages"}],"about":[{"href":"https:\/\/www.kancelariawykret.wizjanet.pl\/index.php\/wp-json\/wp\/v2\/types\/page"}],"author":[{"embeddable":true,"href":"https:\/\/www.kancelariawykret.wizjanet.pl\/index.php\/wp-json\/wp\/v2\/users\/1"}],"replies":[{"embeddable":true,"href":"https:\/\/www.kancelariawykret.wizjanet.pl\/index.php\/wp-json\/wp\/v2\/comments?post=247"}],"version-history":[{"count":46,"href":"https:\/\/www.kancelariawykret.wizjanet.pl\/index.php\/wp-json\/wp\/v2\/pages\/247\/revisions"}],"predecessor-version":[{"id":352,"href":"https:\/\/www.kancelariawykret.wizjanet.pl\/index.php\/wp-json\/wp\/v2\/pages\/247\/revisions\/352"}],"wp:attachment":[{"href":"https:\/\/www.kancelariawykret.wizjanet.pl\/index.php\/wp-json\/wp\/v2\/media?parent=247"}],"curies":[{"name":"wp","href":"https:\/\/api.w.org\/{rel}","templated":true}]}}